{"id":1714,"date":"2021-01-05T11:08:18","date_gmt":"2021-01-05T11:08:18","guid":{"rendered":"https:\/\/phd.luiss.it\/politics\/?page_id=1714"},"modified":"2024-12-11T09:05:24","modified_gmt":"2024-12-11T09:05:24","slug":"events-seminars-and-workshops","status":"publish","type":"page","link":"https:\/\/phd.luiss.it\/politics\/activities\/events-seminars-and-workshops\/","title":{"rendered":"Past Events"},"content":{"rendered":"<ul>\n<li><strong>06\/06\/2024<\/strong>: <a href=\"https:\/\/phd.luiss.it\/politics\/wp-content\/uploads\/sites\/2\/2024\/05\/20240530_Locandina_DiSP-Annual-PhD-Conference_v5.pdf\">Annual Postgraduate Conference\u00a0<\/a><\/li>\n<li><strong>09\/04\/2024:\u00a0<\/strong>Guest Lecture by Giulia Sciorati LSE Fellow, Department of International Relations, London School of Economics and Political Science\u00a0(<em><a href=\"https:\/\/phd.luiss.it\/politics\/wp-content\/uploads\/sites\/2\/2024\/05\/AY-23-24-Semester-II-DiSP-Young-Researchers.pdf\" target=\"_blank\" rel=\"noopener\">DiSP Young Researchers&#8217; Seminar Series<\/a>)<\/em><\/li>\n<li><strong>21\/03\/2024:<\/strong> Guest Lecture by Alessandra Maatsch, Professor, University of Wroclaw (<em><a href=\"https:\/\/phd.luiss.it\/politics\/wp-content\/uploads\/sites\/2\/2024\/05\/AY-23-24-Semester-II-DiSP-Young-Researchers.pdf\" target=\"_blank\" rel=\"noopener\">Joint Departmental Seminar)<\/a><\/em><\/li>\n<li><strong>05\/12\/2023:<\/strong> Virtual Open Day \u00a0(<a href=\"https:\/\/phd.luiss.it\/politics\/wp-content\/uploads\/sites\/2\/2023\/11\/20231114_Luiss_Flyer-a4-interattivo_Phd-in-Politics_v5.pdf\">Flyer<\/a>, <a href=\"https:\/\/landing.luiss.it\/phd\/\" target=\"_blank\" rel=\"noopener\">Schedule<\/a>)<\/li>\n<li><strong>15\/06\/2023<\/strong>: <a href=\"https:\/\/phd.luiss.it\/politics\/wp-content\/uploads\/sites\/2\/2023\/07\/20230608_Locandina_DiSP-Annual-Postgraduate-Conference_v12.pdf\">Annual Postgraduate Conference<\/a><\/li>\n<li><strong>15\/06\/2023<\/strong>: <a href=\"https:\/\/scienzepolitiche.luiss.it\/seminar\/2022\/03\/10\/explaining-russian-war-ukraine-how-did-we-get-there\">Explaining the Russian War in Ukraine: How Did We Get There?<\/a> by Allen C. Lynch\u00a0(<i><em><a href=\"https:\/\/scienzepolitiche.luiss.it\/seminari\/calendario-dei-seminari-aa-2022-2023\" target=\"_blank\" rel=\"noopener\">Research Cluster Seminar<\/a>)<\/em><\/i><\/li>\n<li><strong>24\/05\/2023<\/strong>: <a href=\"https:\/\/scienzepolitiche.luiss.it\/seminar\/2023\/04\/26\/regional-representation-european-parliament-parliamentary-questions-geographical\">Regional representation in the European Parliament: Parliamentary Questions on Geographical Indications<\/a> by Martijn Huysmans, Utrecht University (<i><em><a href=\"https:\/\/scienzepolitiche.luiss.it\/seminari\/calendario-dei-seminari-aa-2022-2023\" target=\"_blank\" rel=\"noopener\">Research Cluster Seminar<\/a>)<\/em><\/i><\/li>\n<li><strong>17\/05\/2023<\/strong>:\u00a0<a href=\"https:\/\/scienzepolitiche.luiss.it\/seminar\/2023\/05\/04\/revisiting-powers-international-organizations\">Revisiting the Powers of International Organizations<\/a> by Jan Klabbers, University of Helsinki (<i><em><a href=\"https:\/\/scienzepolitiche.luiss.it\/seminari\/calendario-dei-seminari-aa-2022-2023\" target=\"_blank\" rel=\"noopener\">Departmental Research Seminar Series<\/a>)<\/em><\/i><\/li>\n<li><strong>10\/05\/2023<\/strong>: <a href=\"https:\/\/scienzepolitiche.luiss.it\/seminar\/2023\/04\/12\/roaring-20s-social-europe-european-pillar-social-rights-and-burgeoning-eu\">The Roaring 20s for Social Europe. The European Pillar of Social Rights and burgeoning EU legislation<\/a> by Claire Kilpatrick, EUI (<i><em><a href=\"https:\/\/scienzepolitiche.luiss.it\/seminari\/calendario-dei-seminari-aa-2022-2023\" target=\"_blank\" rel=\"noopener\">Departmental Research Seminar Series<\/a>)<\/em><\/i><\/li>\n<li><strong>05\/05\/2023<\/strong>: <a href=\"https:\/\/scienzepolitiche.luiss.it\/seminar\/2023\/03\/29\/right-not-stay-justice-migration-liberal-democratic-state-and-case-temporary\">The Right Not to Stay: Justice in Migration, the Liberal Democratic State, and the Case of Temporary Migration Projects<\/a> by Valeria Ottonelli, University of Genoa (<i><em><a href=\"https:\/\/scienzepolitiche.luiss.it\/seminari\/calendario-dei-seminari-aa-2022-2023\" target=\"_blank\" rel=\"noopener\">Research Cluster Seminar<\/a><\/em><\/i>)<\/li>\n<li><strong>04\/05\/2023<\/strong>: <a href=\"https:\/\/scienzepolitiche.luiss.it\/seminar\/2023\/03\/08\/when-voters-dont-follow-leader-evidence-referendums-multi-party-systems\">When voters don&#8217;t follow the leader: Evidence from referendums in multi-party systems<\/a> by Davide Morisi, University of Southern Denmark (<i><em><a href=\"https:\/\/scienzepolitiche.luiss.it\/seminari\/calendario-dei-seminari-aa-2022-2023\" target=\"_blank\" rel=\"noopener\">Research Cluster Seminar<\/a>)<\/em><\/i><\/li>\n<li><strong>03\/05\/2023<\/strong>: <a href=\"https:\/\/scienzepolitiche.luiss.it\/seminar\/2023\/03\/22\/soft-power-discourse-power-chinas-charm-offensive-public-diplomacy\">From Soft Power to Discourse Power: China&#8217;s Charm Offensive in Public Diplomacy<\/a> by Silvia Menegazzi, Luiss University\u00a0(<i><em><a href=\"https:\/\/scienzepolitiche.luiss.it\/seminari\/calendario-dei-seminari-aa-2022-2023\" target=\"_blank\" rel=\"noopener\">Research Cluster Seminar<\/a>)<\/em><\/i><\/li>\n<li><strong>20\/04\/2023<\/strong>: <a href=\"https:\/\/scienzepolitiche.luiss.it\/seminar\/2023\/03\/08\/buck-stops-here-issue-yield-and-perceptual-accuracy-political-elites\">The Buck Stops Here: Issue Yield and Perceptual Accuracy of Political Elites<\/a> by Quentin L\u00e9onard Alexandre Borgeat, Universit\u00e9 de Gen\u00e8ve\u00a0(<i><em><a href=\"https:\/\/scienzepolitiche.luiss.it\/seminari\/calendario-dei-seminari-aa-2022-2023\" target=\"_blank\" rel=\"noopener\">Research Cluster Seminar<\/a>)<\/em><\/i><\/li>\n<li><strong>19\/04\/2023<\/strong>: <a href=\"https:\/\/scienzepolitiche.luiss.it\/seminar\/2023\/01\/16\/political-contempt-divided-societies-and-transitional-justice\">Political Contempt, Divided Societies, and Transitional Justice<\/a> by Colleen Murphy, University of Illinois <i><em>(<a href=\"https:\/\/scienzepolitiche.luiss.it\/seminari\/calendario-dei-seminari-aa-2022-2023\" target=\"_blank\" rel=\"noopener\">Departmental Research Seminar Series<\/a>)<\/em><\/i><\/li>\n<li><strong>05\/04\/2023: <\/strong><a href=\"https:\/\/scienzepolitiche.luiss.it\/seminar\/2023\/03\/27\/redistricting-comparative-perspective\">Redistricting in Comparative Perspective<\/a> by Bernard Grofman (University of California, Irvine) <i><em>(<a href=\"https:\/\/scienzepolitiche.luiss.it\/seminari\/calendario-dei-seminari-aa-2022-2023\" target=\"_blank\" rel=\"noopener\">Departmental Research Seminar Series<\/a>)<\/em><\/i><\/li>\n<li><strong>04\/04\/2023:<\/strong> <a href=\"https:\/\/scienzepolitiche.luiss.it\/seminar\/2023\/02\/28\/missing-piece-european-crisis-europes-autoimmunitary-disease\">The Missing Piece of the European Crisis: Europe\u2019s Autoimmunitary Disease<\/a> by Jacopo Martire (University of Bristol)\u00a0(<i><em><a href=\"https:\/\/scienzepolitiche.luiss.it\/seminari\/calendario-dei-seminari-aa-2022-2023\" target=\"_blank\" rel=\"noopener\">Research Cluster Seminar<\/a>)<\/em><\/i><\/li>\n<li><strong>30\/03\/2023<\/strong>: <a href=\"https:\/\/scienzepolitiche.luiss.it\/seminar\/2023\/03\/14\/talk-refining-election-observation-methodology-leading-role-eu\">A talk on the refining of the election observation methodology \u2013 the leading role of the EU<\/a> by Gianfranco Bochicchio (EEAS) and Giulio Venneri (European Commission (<i><em><a href=\"https:\/\/scienzepolitiche.luiss.it\/seminari\/calendario-dei-seminari-aa-2022-2023\" target=\"_blank\" rel=\"noopener\">Research Cluster Seminar<\/a>)<\/em><\/i><\/li>\n<li><strong>29\/03\/2023<\/strong>: <a href=\"https:\/\/scienzepolitiche.luiss.it\/seminar\/2023\/03\/02\/clash-exceptionalisms-american-and-chinese-exceptionalism-and-political-identity\">Clash of Exceptionalisms: American and Chinese Exceptionalism and Political Identity<\/a> by Thomas De Luca (Fordham University) <i><em>(<a href=\"https:\/\/scienzepolitiche.luiss.it\/seminari\/calendario-dei-seminari-aa-2022-2023\" target=\"_blank\" rel=\"noopener\">Departmental Research Seminar Series<\/a>)<\/em><\/i><\/li>\n<li><strong>15\/03\/2023<\/strong>: <a href=\"https:\/\/scienzepolitiche.luiss.it\/seminar\/2023\/02\/06\/ideological-exclusion-and-populist-attitudes\">Ideological exclusion and populist attitudes<\/a> by Robert Johns (University of Essex) <i><em>(<a href=\"https:\/\/scienzepolitiche.luiss.it\/seminari\/calendario-dei-seminari-aa-2022-2023\" target=\"_blank\" rel=\"noopener\">Departmental Research Seminar Series<\/a>)<\/em><\/i><\/li>\n<li><strong>09\/03\/2023<\/strong>: <a href=\"https:\/\/scienzepolitiche.luiss.it\/seminar\/2023\/02\/28\/be-disadvantaged-or-not-be-egalitarian-guide-creating-new-people\">To be (Disadvantaged) Or Not to Be? An Egalitarian Guide for Creating New People<\/a> by Shlomi Segall (The Hebrew University of Jerusalem) (<i><em><a href=\"https:\/\/scienzepolitiche.luiss.it\/seminari\/calendario-dei-seminari-aa-2022-2023\" target=\"_blank\" rel=\"noopener\">Research Cluster Seminar<\/a>)<\/em><\/i><\/li>\n<li><strong>08\/03\/2023:<\/strong> <a href=\"https:\/\/scienzepolitiche.luiss.it\/seminar\/2023\/01\/25\/dimensions-political-distrust-comparison-franceitalyuk-and-germany\">The dimensions of political distrust, a comparison in France\/Italy\/UK and Germany<\/a> by Bruno Cautr\u00e8s (CEVIPOF-Sciences Po) <i><em>(<a href=\"https:\/\/scienzepolitiche.luiss.it\/seminari\/calendario-dei-seminari-aa-2022-2023\" target=\"_blank\" rel=\"noopener\">Departmental Research Seminar Series<\/a>)<\/em><\/i><\/li>\n<li><strong>22\/02\/2023:<\/strong> <a href=\"https:\/\/scienzepolitiche.luiss.it\/seminar\/2022\/12\/15\/war-work-want-how-opec-oil-crisis-unleased-revolution-and-mass-migration\" target=\"_blank\" rel=\"noopener\">War, Work &amp; Want: How the OPEC Oil Crisis unleased Revolution and Mass Migration<\/a> by Randall Hansen (University of Toronto) <i><em>(<a href=\"https:\/\/scienzepolitiche.luiss.it\/seminari\/calendario-dei-seminari-aa-2022-2023\" target=\"_blank\" rel=\"noopener\">Departmental Research Seminar Series<\/a>)<\/em><\/i><\/li>\n<li><strong>08\/02\/2023:<\/strong> <a href=\"https:\/\/scienzepolitiche.luiss.it\/seminar\/2023\/01\/24\/modern-challenges-economic-governance\">Modern Challenges of Economic Governance<\/a> by Augusto Lopez-Claros (Global Governance Forum) <i><em>(<a href=\"https:\/\/scienzepolitiche.luiss.it\/seminari\/calendario-dei-seminari-aa-2022-2023\" target=\"_blank\" rel=\"noopener\">Departmental Research Seminar Series<\/a>)<\/em><\/i><i><\/i><\/li>\n<li><strong>7\/12\/2022: <\/strong>Virtual Open Day 2022 (<a href=\"https:\/\/phd.luiss.it\/politics\/wp-content\/uploads\/sites\/2\/2022\/11\/20221116_Luiss_Flyer-a4-interattivo_Phd-in-Politics_v3.pdf\" target=\"_blank\" rel=\"noopener\">Download the flyer<\/a>, <a href=\"https:\/\/landing.luiss.it\/phd\/\" target=\"_blank\" rel=\"noopener\">schedule<\/a>)<\/li>\n<li><strong>1\/02\/2022:<\/strong> Presentation by Paul Culley, EU Policy advisor <em>(<a href=\"https:\/\/phd.luiss.it\/politics\/wp-content\/uploads\/sites\/2\/2022\/11\/AY-22-23-Semester-I-DiSP-Young-Researchers-Seminar-Series-1.pdf\" target=\"_blank\" rel=\"noopener\">DiSP Young Researchers&#8217; Seminar Series<\/a>)<\/em><\/li>\n<li><strong>30\/11\/2022:<\/strong> <a href=\"https:\/\/scienzepolitiche.luiss.it\/seminar\/2022\/09\/09\/understanding-moralist-international-value-conflicts-global-context-and-role\">Understanding the Moralist International. Value conflicts in a global context and the role of Russia as conservative norm entrepreneur<\/a> by Kristina Stoeckl (University of Innsbruck) <i><em>(<a href=\"https:\/\/scienzepolitiche.luiss.it\/seminari\/calendario-dei-seminari-aa-2022-2023\" target=\"_blank\" rel=\"noopener\">Departmental Research Seminar Series<\/a>)<\/em><\/i><\/li>\n<li><strong>16\/11\/2022:<\/strong> <a href=\"https:\/\/scienzepolitiche.luiss.it\/seminar\/2022\/08\/29\/voting-16-practice\">Voting at 16 in Practice<\/a> by Sylvia Kritzinger (University of Vienna) <i><em>(<a href=\"https:\/\/scienzepolitiche.luiss.it\/seminari\/calendario-dei-seminari-aa-2022-2023\" target=\"_blank\" rel=\"noopener\">Departmental Research Seminar Series<\/a>)<\/em><\/i><\/li>\n<li><strong>9\/11\/2022:<\/strong> <a href=\"https:\/\/scienzepolitiche.luiss.it\/seminar\/2022\/09\/23\/who-enemy-chances-front-line-ethics\">Who is the Enemy? Chances of Front Line Ethics<\/a> by Harald Wydra (University of Cambridge) <i><em>(<a href=\"https:\/\/scienzepolitiche.luiss.it\/seminari\/calendario-dei-seminari-aa-2022-2023\" target=\"_blank\" rel=\"noopener\">Departmental Research Seminar Series<\/a>)<\/em><\/i><\/li>\n<li><strong>2\/11\/2022:<\/strong> <a href=\"https:\/\/scienzepolitiche.luiss.it\/seminar\/2022\/09\/23\/2022-us-mid-term-elections-and-their-consequences-europe\">The 2022 US Mid-term Elections and their Consequences for Europe<\/a> by Donald E. Abelson (Brian Mulroney Institute of Government) <i><em>(<a href=\"https:\/\/scienzepolitiche.luiss.it\/seminari\/calendario-dei-seminari-aa-2022-2023\" target=\"_blank\" rel=\"noopener\">Departmental Research Seminar Series<\/a>)<\/em><\/i><\/li>\n<li><strong>12\/10\/2022:<\/strong> <a href=\"https:\/\/scienzepolitiche.luiss.it\/seminar\/2022\/09\/14\/party-over-political-parties-and-renewal-democracy-europe\">The party is over \u2013 Political parties and the renewal of democracy in Europe<\/a> by Udo Zolleis (European Parliament) <i><em>(<a href=\"https:\/\/scienzepolitiche.luiss.it\/seminari\/calendario-dei-seminari-aa-2022-2023\" target=\"_blank\" rel=\"noopener\">Departmental Research Seminar Series<\/a>)<\/em><\/i><\/li>\n<li><strong>6\/10\/2022:<\/strong> PhD Welcome Day (38 cycle)<\/li>\n<li><strong>14\/09\/2022:<\/strong> <a href=\"https:\/\/scienzepolitiche.luiss.it\/seminar\/2022\/08\/25\/international-political-economy-migration-globalization-era\">The International Political Economy of Migration in the Globalization Era<\/a> by Leila Simona Talani (King&#8217;s College London) <i><em>(<a href=\"https:\/\/scienzepolitiche.luiss.it\/seminari\/calendario-dei-seminari-aa-2022-2023\" target=\"_blank\" rel=\"noopener\">Departmental Research Seminar Series<\/a>)<\/em><\/i><\/li>\n<li><strong>23\/06\/2022:<\/strong> <a href=\"https:\/\/phd.luiss.it\/politics\/wp-content\/uploads\/sites\/2\/2022\/06\/Programme-Annual-PhD-Conference-2022-Final.pdf\">Annual Conference<\/a><\/li>\n<li><strong>15\/06\/2022:<\/strong> <em>&#8220;<a href=\"https:\/\/phd.luiss.it\/politics\/wp-content\/uploads\/sites\/2\/2022\/07\/Lynch-15-June.pdf\">Explaining the Russian War in Ukraine: How Did We Get There?<\/a>&#8220;<\/em> by Allen Lynch (University of Virginia)<\/li>\n<li><strong>25\/05\/2022:<\/strong> &#8220;<i><a href=\"https:\/\/phd.luiss.it\/politics\/wp-content\/uploads\/sites\/2\/2022\/07\/Tridimas-25-May.pdf\">Supra national courts and individual rights; Europe and its constitutional conscience<\/a>&#8221;\u00a0<\/i>by Takis Tridimas (King&#8217;s College London) <i><em>(<a href=\"https:\/\/scienzepolitiche.luiss.it\/seminari\/calendario-dei-seminari-aa-2022-2023\" target=\"_blank\" rel=\"noopener\">Departmental Research Seminar Series<\/a>)<\/em><\/i><\/li>\n<li><strong>11\/05\/2022:<\/strong> &#8220;<a href=\"https:\/\/phd.luiss.it\/politics\/wp-content\/uploads\/sites\/2\/2022\/07\/Levi-Faur-11th-May.pdf\"><em>Varieties of Regulatory Regimes and their Effect on Public Trust in Market Actors<\/em><\/a>&#8221; by David Levi-Faur (Hebrew University of Jerusalem)<\/li>\n<li><strong>04\/05\/2022<\/strong>: &#8220;<i><a href=\"https:\/\/phd.luiss.it\/politics\/wp-content\/uploads\/sites\/2\/2022\/07\/Chou-4th-May-.pdf\">Knowledge alchemy in academic mobility<\/a>&#8221;\u00a0<\/i>by Meng-Hsuan Chou (NTU Singapore) <i><em>(<a href=\"https:\/\/scienzepolitiche.luiss.it\/seminari\/calendario-dei-seminari-aa-2022-2023\" target=\"_blank\" rel=\"noopener\">Departmental Research Seminar Series<\/a>)<\/em><\/i><\/li>\n<li><strong>27\/04\/2022<\/strong>: &#8220;<em><a href=\"https:\/\/phd.luiss.it\/politics\/wp-content\/uploads\/sites\/2\/2022\/07\/Klabbers-27-April.pdf\">International Organizations Adventures<\/a>&#8221; <\/em>by Jan Klabbers (University of Helsinki) <i><em>(<a href=\"https:\/\/scienzepolitiche.luiss.it\/seminari\/calendario-dei-seminari-aa-2022-2023\" target=\"_blank\" rel=\"noopener\">Departmental Research Seminar Series<\/a>)<\/em><\/i><\/li>\n<li><strong>13\/04\/2022<\/strong>: &#8220;<i><a href=\"https:\/\/phd.luiss.it\/politics\/wp-content\/uploads\/sites\/2\/2022\/07\/Gheaus-13-April.pdf\">Parental partiality in unjust circumstances: the case of inheritance<\/a>&#8221; <\/i>by Anca Gheaus (CEU Vienna) <i><em>(<a href=\"https:\/\/scienzepolitiche.luiss.it\/seminari\/calendario-dei-seminari-aa-2022-2023\" target=\"_blank\" rel=\"noopener\">Departmental Research Seminar Series<\/a>)<\/em><\/i><\/li>\n<li><strong>07\/04\/2022:<\/strong> &#8220;<a href=\"https:\/\/phd.luiss.it\/politics\/wp-content\/uploads\/sites\/2\/2022\/07\/Ceron-Seminar-7-April.pdf\"><em>The impact of EU economic governance on the composition of public expenditures in the Member States<\/em><\/a>&#8221; by Matilde Ceron (University of Milan) (PhD Seminar)<\/li>\n<li><strong>30\/03\/2022:<\/strong> &#8220;<a href=\"https:\/\/phd.luiss.it\/politics\/wp-content\/uploads\/sites\/2\/2022\/07\/Knill-30-March.pdf\"><i><span lang=\"EN-GB\">Modern Democracies at their Limits? Causes and Consequences of Policy Accumulation<\/span><\/i>s<\/a>&#8221; by Christop Knill (LMU Munich) <i><em>(Departmental Research Seminar Series)<\/em><\/i><\/li>\n<li><strong>23\/03\/2022<\/strong>: &#8220;<a href=\"https:\/\/phd.luiss.it\/politics\/wp-content\/uploads\/sites\/2\/2022\/07\/Weber-23-March.pdf\"><em>The self-fulfilling prophecy of electoral paranoia<\/em><\/a>&#8221; by Till Weber (City University of New York)<\/li>\n<li><strong>16\/02\/2022:<\/strong> &#8220;<a href=\"https:\/\/phd.luiss.it\/politics\/wp-content\/uploads\/sites\/2\/2022\/07\/Heritier-16-Feb.pdf\"><i>Easing Tensions and Balancing Power. Multidimensional Governance in the European Union<\/i><\/a><i>&#8221; <\/i>by Adrienne Heritier (EUI) <i><em>(<a href=\"https:\/\/scienzepolitiche.luiss.it\/seminari\/calendario-dei-seminari-aa-2022-2023\" target=\"_blank\" rel=\"noopener\">Departmental Research Seminar Series<\/a>)<\/em><\/i><\/li>\n<li><strong>02\/02\/2022:<\/strong> &#8220;<em><a href=\"https:\/\/phd.luiss.it\/politics\/wp-content\/uploads\/sites\/2\/2022\/07\/Le-Gales-2nd-Feb.pdf\">Reconfigurating European states in crisis, the case of the post Brexit state<\/a>&#8221;\u00a0<\/em>by Patrick Le Gal\u00e8s (Sciences Po Paris) <i><em>(<a href=\"https:\/\/scienzepolitiche.luiss.it\/seminari\/calendario-dei-seminari-aa-2022-2023\" target=\"_blank\" rel=\"noopener\">Departmental Research Seminar Series<\/a>)<\/em><\/i><\/li>\n<\/ul>\n","protected":false},"excerpt":{"rendered":"<p>06\/06\/2024: Annual Postgraduate Conference\u00a0 09\/04\/2024:\u00a0Guest Lecture by Giulia Sciorati LSE Fellow, Department of International Relations, London School of Economics and Political Science\u00a0(DiSP Young Researchers&#8217; Seminar Series) 21\/03\/2024: Guest Lecture by Alessandra Maatsch, Professor, University of Wroclaw (Joint Departmental Seminar) 05\/12\/2023: Virtual Open Day \u00a0(Flyer, Schedule) 15\/06\/2023: Annual Postgraduate Conference 15\/06\/2023: Explaining the Russian War in [&hellip;]<\/p>\n","protected":false},"author":4,"featured_media":0,"parent":1683,"menu_order":1,"comment_status":"closed","ping_status":"closed","template":"","meta":[],"categories":[],"tags":[],"yoast_head":"<!-- This site is optimized with the Yoast SEO plugin v16.0.2 - https:\/\/yoast.com\/wordpress\/plugins\/seo\/ -->\n<title>Past Events - Doctoral Programme in Politics<\/title>\n<link rel=\"canonical\" href=\"https:\/\/phd.luiss.it\/politics\/activities\/events-seminars-and-workshops\/\" \/>\n<meta property=\"og:locale\" content=\"en_US\" \/>\n<meta property=\"og:type\" content=\"article\" \/>\n<meta property=\"og:title\" content=\"Past Events - Doctoral Programme in Politics\" \/>\n<meta property=\"og:description\" content=\"06\/06\/2024: Annual Postgraduate Conference\u00a0 09\/04\/2024:\u00a0Guest Lecture by Giulia Sciorati LSE Fellow, Department of International Relations, London School of Economics and Political Science\u00a0(DiSP Young Researchers&#8217; Seminar Series) 21\/03\/2024: Guest Lecture by Alessandra Maatsch, Professor, University of Wroclaw (Joint Departmental Seminar) 05\/12\/2023: Virtual Open Day \u00a0(Flyer, Schedule) 15\/06\/2023: Annual Postgraduate Conference 15\/06\/2023: Explaining the Russian War in [&hellip;]\" \/>\n<meta property=\"og:url\" content=\"https:\/\/phd.luiss.it\/politics\/activities\/events-seminars-and-workshops\/\" \/>\n<meta property=\"og:site_name\" content=\"Doctoral Programme in Politics\" \/>\n<meta property=\"article:modified_time\" content=\"2024-12-11T09:05:24+00:00\" \/>\n<meta name=\"twitter:card\" content=\"summary_large_image\" \/>\n<meta name=\"twitter:label1\" content=\"Est. reading time\">\n\t<meta name=\"twitter:data1\" content=\"4 minutes\">\n<script type=\"application\/ld+json\" class=\"yoast-schema-graph\">{\"@context\":\"https:\/\/schema.org\",\"@graph\":[{\"@type\":\"WebSite\",\"@id\":\"https:\/\/phd.luiss.it\/politics\/#website\",\"url\":\"https:\/\/phd.luiss.it\/politics\/\",\"name\":\"Doctoral Programme in Politics\",\"description\":\"\",\"potentialAction\":[{\"@type\":\"SearchAction\",\"target\":\"https:\/\/phd.luiss.it\/politics\/?s={search_term_string}\",\"query-input\":\"required name=search_term_string\"}],\"inLanguage\":\"en-US\"},{\"@type\":\"WebPage\",\"@id\":\"https:\/\/phd.luiss.it\/politics\/activities\/events-seminars-and-workshops\/#webpage\",\"url\":\"https:\/\/phd.luiss.it\/politics\/activities\/events-seminars-and-workshops\/\",\"name\":\"Past Events - Doctoral Programme in Politics\",\"isPartOf\":{\"@id\":\"https:\/\/phd.luiss.it\/politics\/#website\"},\"datePublished\":\"2021-01-05T11:08:18+00:00\",\"dateModified\":\"2024-12-11T09:05:24+00:00\",\"breadcrumb\":{\"@id\":\"https:\/\/phd.luiss.it\/politics\/activities\/events-seminars-and-workshops\/#breadcrumb\"},\"inLanguage\":\"en-US\",\"potentialAction\":[{\"@type\":\"ReadAction\",\"target\":[\"https:\/\/phd.luiss.it\/politics\/activities\/events-seminars-and-workshops\/\"]}]},{\"@type\":\"BreadcrumbList\",\"@id\":\"https:\/\/phd.luiss.it\/politics\/activities\/events-seminars-and-workshops\/#breadcrumb\",\"itemListElement\":[{\"@type\":\"ListItem\",\"position\":1,\"item\":{\"@type\":\"WebPage\",\"@id\":\"https:\/\/phd.luiss.it\/politics\/\",\"url\":\"https:\/\/phd.luiss.it\/politics\/\",\"name\":\"Home\"}},{\"@type\":\"ListItem\",\"position\":2,\"item\":{\"@type\":\"WebPage\",\"@id\":\"https:\/\/phd.luiss.it\/politics\/activities\/\",\"url\":\"https:\/\/phd.luiss.it\/politics\/activities\/\",\"name\":\"Activities\"}},{\"@type\":\"ListItem\",\"position\":3,\"item\":{\"@type\":\"WebPage\",\"@id\":\"https:\/\/phd.luiss.it\/politics\/activities\/events-seminars-and-workshops\/\",\"url\":\"https:\/\/phd.luiss.it\/politics\/activities\/events-seminars-and-workshops\/\",\"name\":\"Past Events\"}}]}]}<\/script>\n<!-- \/ Yoast SEO plugin. -->","_links":{"self":[{"href":"https:\/\/phd.luiss.it\/politics\/wp-json\/wp\/v2\/pages\/1714"}],"collection":[{"href":"https:\/\/phd.luiss.it\/politics\/wp-json\/wp\/v2\/pages"}],"about":[{"href":"https:\/\/phd.luiss.it\/politics\/wp-json\/wp\/v2\/types\/page"}],"author":[{"embeddable":true,"href":"https:\/\/phd.luiss.it\/politics\/wp-json\/wp\/v2\/users\/4"}],"replies":[{"embeddable":true,"href":"https:\/\/phd.luiss.it\/politics\/wp-json\/wp\/v2\/comments?post=1714"}],"version-history":[{"count":64,"href":"https:\/\/phd.luiss.it\/politics\/wp-json\/wp\/v2\/pages\/1714\/revisions"}],"predecessor-version":[{"id":3260,"href":"https:\/\/phd.luiss.it\/politics\/wp-json\/wp\/v2\/pages\/1714\/revisions\/3260"}],"up":[{"embeddable":true,"href":"https:\/\/phd.luiss.it\/politics\/wp-json\/wp\/v2\/pages\/1683"}],"wp:attachment":[{"href":"https:\/\/phd.luiss.it\/politics\/wp-json\/wp\/v2\/media?parent=1714"}],"wp:term":[{"taxonomy":"category","embeddable":true,"href":"https:\/\/phd.luiss.it\/politics\/wp-json\/wp\/v2\/categories?post=1714"},{"taxonomy":"post_tag","embeddable":true,"href":"https:\/\/phd.luiss.it\/politics\/wp-json\/wp\/v2\/tags?post=1714"}],"curies":[{"name":"wp","href":"https:\/\/api.w.org\/{rel}","templated":true}]}}