{"id":2744,"date":"2023-10-10T14:33:02","date_gmt":"2023-10-10T14:33:02","guid":{"rendered":"https:\/\/phd.luiss.it\/management\/?page_id=2744"},"modified":"2024-11-13T14:10:45","modified_gmt":"2024-11-13T14:10:45","slug":"projects-a-a-2023-24","status":"publish","type":"page","link":"https:\/\/phd.luiss.it\/management\/bando-pnrr-missione-4-a-a-2023-24\/projects-a-a-2023-24\/","title":{"rendered":"Projects &#8211; a.a. 2023-24"},"content":{"rendered":"<div id=\"sp-ea-3003\" class=\"sp-ea-one sp-easy-accordion\" data-ex-icon=\"fa-minus\" data-col-icon=\"fa-plus\"  data-ea-active=\"ea-click\"  data-ea-mode=\"vertical\" data-preloader=\"\"><div class=\"ea-card ea-expand sp-ea-single\"><h3 class=\"ea-header\"><a class=\"collapsed\" data-sptoggle=\"spcollapse\" data-sptarget=#collapse30030 href=\"javascript:void(0)\" aria-expanded=\"true\"><i class=\"ea-expand-icon fa fa-minus\"><\/i> Vincitori 39\u00b0 ciclo del corso di Dottorato in \u201cManagement\u201d - n. 2 borse di studio finanziate a valere su fondi PNRR - ex D.M. 117\/2023.<\/a><\/h3><div class=\"sp-collapse spcollapse collapsed show\" id=\"collapse30030\" data-parent=#sp-ea-3003><div class=\"ea-body\"><p><img class=\"alignnone wp-image-1987\" src=\"https:\/\/phd.luiss.it\/diritto-impresa\/wp-content\/uploads\/sites\/5\/2024\/10\/Management.png\" alt=\"\" width=\"600\" height=\"81\" \/><\/p>\n<p>1) Dottorando:<strong> LUDOVICO MARIA LE ROSE<\/strong><\/p>\n<p>Posto con borsa di Studio a valere su <em><strong>M4 C1 I3.3 \u2013 \u201cIntroduzione di dottorati innovativi che rispondono ai fabbisogni di innovazione delle imprese e promuovono l\u2019assunzione dei ricercatori da parte delle imprese\u201d<\/strong><\/em>.<\/p>\n<p>Tematica di ricerca vincolata: <strong><em>\u201cLo sviluppo dell\u2019intelligenza artificiale per I-Crawler\u201d<\/em><\/strong>.<\/p>\n<p>Obiettivo: Il dottorato si inserisce nel contesto della transizione digitale promossa dal Next Generation EU, sostenuta dal PNRR, che punta a incentivare la ricerca, l'adozione di tecnologie avanzate e il rafforzamento dell'innovazione, in particolare tra le PMI italiane. Il progetto mira a colmare il divario digitale del Paese e a migliorare la competitivit\u00e0 nazionale attraverso investimenti in infrastrutture, processi digitali e capitale umano qualificato - come previsto anche negli obiettivi della Missione 4 \u201cIstruzione e Ricerca\u201d del PNRR - sottolineando l'importanza della collaborazione tra universit\u00e0 e imprese, necessaria per costruire una solida cultura dell'innovazione e affrontare le sfide strutturali del sistema produttivo italiano.<\/p>\n<p>CUP: I83C23000380003<\/p>\n<p>Impresa partner co-finanziatrice della borsa, per un importo totale di 30.000 \u20ac: <strong>Italiacamp S.r.l<\/strong><\/p>\n<p>2) Dottoranda: <strong><strong>FAIZA LIAQAT<\/strong><\/strong><\/p>\n<p>Posto con borsa di Studio a valere su M4 C1 I3.3 \u2013 \u201cIntroduzione di dottorati innovativi che rispondono ai fabbisogni di innovazione delle imprese e promuovono l\u2019assunzione dei ricercatori da parte delle imprese\u201d.<\/p>\n<p>Tematica di ricerca vincolata: <strong>\u201cIntelligenza artificiale per l\u2019Impact Management\u201d<\/strong>.<\/p>\n<p>Obiettivo: Il progetto mira a rafforzare la collaborazione tra imprese e universit\u00e0, creando un ecosistema di ricerca e sviluppo che favorisca crescita economica, resilienza e sostenibilit\u00e0, in linea con la Missione 4 del PNRR. L'obiettivo \u00e8 incentivare la domanda di innovazione e investire su capitale umano qualificato, soprattutto nei settori digitali e tecnologici, per superare ostacoli strutturali e competere a livello europeo, promuovendo una cultura dell'innovazione radicata nel sistema Paese.<\/p>\n<p>CUP: I83C23000380003<\/p>\n<p>Impresa partner co-finanziatrice della borsa, per un importo totale di 30.000 \u20ac: Italiacamp S.r.l.<\/p>\n<\/div><\/div><\/div><\/div>\n","protected":false},"excerpt":{"rendered":"","protected":false},"author":4,"featured_media":0,"parent":2741,"menu_order":0,"comment_status":"closed","ping_status":"closed","template":"","meta":[],"categories":[25],"tags":[],"yoast_head":"<!-- This site is optimized with the Yoast SEO plugin v16.0.2 - https:\/\/yoast.com\/wordpress\/plugins\/seo\/ -->\n<title>Projects - a.a. 2023-24 - Doctoral Programme in Management<\/title>\n<link rel=\"canonical\" href=\"https:\/\/phd.luiss.it\/management\/bando-pnrr-missione-4-a-a-2023-24\/projects-a-a-2023-24\/\" \/>\n<meta property=\"og:locale\" content=\"en_US\" \/>\n<meta property=\"og:type\" content=\"article\" \/>\n<meta property=\"og:title\" content=\"Projects - a.a. 2023-24 - Doctoral Programme in Management\" \/>\n<meta property=\"og:url\" content=\"https:\/\/phd.luiss.it\/management\/bando-pnrr-missione-4-a-a-2023-24\/projects-a-a-2023-24\/\" \/>\n<meta property=\"og:site_name\" content=\"Doctoral Programme in Management\" \/>\n<meta property=\"article:modified_time\" content=\"2024-11-13T14:10:45+00:00\" \/>\n<meta name=\"twitter:card\" content=\"summary_large_image\" \/>\n<meta name=\"twitter:label1\" content=\"Est. reading time\">\n\t<meta name=\"twitter:data1\" content=\"1 minute\">\n<script type=\"application\/ld+json\" class=\"yoast-schema-graph\">{\"@context\":\"https:\/\/schema.org\",\"@graph\":[{\"@type\":\"WebSite\",\"@id\":\"https:\/\/phd.luiss.it\/management\/#website\",\"url\":\"https:\/\/phd.luiss.it\/management\/\",\"name\":\"Doctoral Programme in Management\",\"description\":\"Luiss Guido Carli - Doctoral Degree Programs\",\"potentialAction\":[{\"@type\":\"SearchAction\",\"target\":\"https:\/\/phd.luiss.it\/management\/?s={search_term_string}\",\"query-input\":\"required name=search_term_string\"}],\"inLanguage\":\"en-US\"},{\"@type\":\"WebPage\",\"@id\":\"https:\/\/phd.luiss.it\/management\/bando-pnrr-missione-4-a-a-2023-24\/projects-a-a-2023-24\/#webpage\",\"url\":\"https:\/\/phd.luiss.it\/management\/bando-pnrr-missione-4-a-a-2023-24\/projects-a-a-2023-24\/\",\"name\":\"Projects - a.a. 2023-24 - Doctoral Programme in Management\",\"isPartOf\":{\"@id\":\"https:\/\/phd.luiss.it\/management\/#website\"},\"datePublished\":\"2023-10-10T14:33:02+00:00\",\"dateModified\":\"2024-11-13T14:10:45+00:00\",\"breadcrumb\":{\"@id\":\"https:\/\/phd.luiss.it\/management\/bando-pnrr-missione-4-a-a-2023-24\/projects-a-a-2023-24\/#breadcrumb\"},\"inLanguage\":\"en-US\",\"potentialAction\":[{\"@type\":\"ReadAction\",\"target\":[\"https:\/\/phd.luiss.it\/management\/bando-pnrr-missione-4-a-a-2023-24\/projects-a-a-2023-24\/\"]}]},{\"@type\":\"BreadcrumbList\",\"@id\":\"https:\/\/phd.luiss.it\/management\/bando-pnrr-missione-4-a-a-2023-24\/projects-a-a-2023-24\/#breadcrumb\",\"itemListElement\":[{\"@type\":\"ListItem\",\"position\":1,\"item\":{\"@type\":\"WebPage\",\"@id\":\"https:\/\/phd.luiss.it\/management\/\",\"url\":\"https:\/\/phd.luiss.it\/management\/\",\"name\":\"Home\"}},{\"@type\":\"ListItem\",\"position\":2,\"item\":{\"@type\":\"WebPage\",\"@id\":\"https:\/\/phd.luiss.it\/management\/bando-pnrr-missione-4-a-a-2023-24\/\",\"url\":\"https:\/\/phd.luiss.it\/management\/bando-pnrr-missione-4-a-a-2023-24\/\",\"name\":\"Progetti finanziati\"}},{\"@type\":\"ListItem\",\"position\":3,\"item\":{\"@type\":\"WebPage\",\"@id\":\"https:\/\/phd.luiss.it\/management\/bando-pnrr-missione-4-a-a-2023-24\/projects-a-a-2023-24\/\",\"url\":\"https:\/\/phd.luiss.it\/management\/bando-pnrr-missione-4-a-a-2023-24\/projects-a-a-2023-24\/\",\"name\":\"Projects &#8211; a.a. 2023-24\"}}]}]}<\/script>\n<!-- \/ Yoast SEO plugin. -->","_links":{"self":[{"href":"https:\/\/phd.luiss.it\/management\/wp-json\/wp\/v2\/pages\/2744"}],"collection":[{"href":"https:\/\/phd.luiss.it\/management\/wp-json\/wp\/v2\/pages"}],"about":[{"href":"https:\/\/phd.luiss.it\/management\/wp-json\/wp\/v2\/types\/page"}],"author":[{"embeddable":true,"href":"https:\/\/phd.luiss.it\/management\/wp-json\/wp\/v2\/users\/4"}],"replies":[{"embeddable":true,"href":"https:\/\/phd.luiss.it\/management\/wp-json\/wp\/v2\/comments?post=2744"}],"version-history":[{"count":5,"href":"https:\/\/phd.luiss.it\/management\/wp-json\/wp\/v2\/pages\/2744\/revisions"}],"predecessor-version":[{"id":3004,"href":"https:\/\/phd.luiss.it\/management\/wp-json\/wp\/v2\/pages\/2744\/revisions\/3004"}],"up":[{"embeddable":true,"href":"https:\/\/phd.luiss.it\/management\/wp-json\/wp\/v2\/pages\/2741"}],"wp:attachment":[{"href":"https:\/\/phd.luiss.it\/management\/wp-json\/wp\/v2\/media?parent=2744"}],"wp:term":[{"taxonomy":"category","embeddable":true,"href":"https:\/\/phd.luiss.it\/management\/wp-json\/wp\/v2\/categories?post=2744"},{"taxonomy":"post_tag","embeddable":true,"href":"https:\/\/phd.luiss.it\/management\/wp-json\/wp\/v2\/tags?post=2744"}],"curies":[{"name":"wp","href":"https:\/\/api.w.org\/{rel}","templated":true}]}}