{"id":2361,"date":"2022-09-16T12:44:17","date_gmt":"2022-09-16T12:44:17","guid":{"rendered":"https:\/\/phd.luiss.it\/management\/?page_id=2361"},"modified":"2022-10-13T13:25:11","modified_gmt":"2022-10-13T13:25:11","slug":"selahattin-onur-karlik","status":"publish","type":"page","link":"https:\/\/phd.luiss.it\/management\/selahattin-onur-karlik\/","title":{"rendered":"Selahattin Onur Karlik"},"content":{"rendered":"<p>Onur is a PhD candidate and a Teaching Assistant at Luiss Business School. He has a Bachelor\u2019s Degree in Business Administration from Ankara Y\u0131ld\u0131r\u0131m Beyaz\u0131t University and a Master\u2019s Degree in Business Administration from Dokuz Eyl\u00fcl University. He was also a PhD candidate in Business Administration at \u0130stanbul University between 2020-2022 before joining LUISS Guido Carli University. He has international internship experiences in South Korea and Poland.<\/p>\n<p>Onur worked as an academic for four years between 2018 and 2022 at Sel\u00e7uk University. During this time, he was the coordinator of Double Degree and Minor Degree Programs, Distance Learning Coordinator, and member of the Quality Committee. He was also the editor of The Journal of Social Economic Research, published by Sel\u00e7uk University.<\/p>\n<p><strong>E-mail<\/strong><\/p>\n<p><a href=\"mailto:sokarlik@luiss.it\">sokarlik@luiss.it<\/a><\/p>\n<p><strong>Subjects<\/strong><\/p>\n<p>Consumer Behavior, Marketing Research, Marketing Communication<\/p>\n<p><strong>Research Interest<\/strong><\/p>\n<p>Framing Effect, Sales Promotions, Cognitive Biases, Consumer Decision-Making, Construal Level Theory, Neuromarketing<\/p>\n<p><strong>Supervisor<\/strong><\/p>\n<p>Prof. Matteo De Angelis<\/p>\n","protected":false},"excerpt":{"rendered":"<p>Onur is a PhD candidate and a Teaching Assistant at Luiss Business School. He has a Bachelor\u2019s Degree in Business Administration from Ankara Y\u0131ld\u0131r\u0131m Beyaz\u0131t University and a Master\u2019s Degree in Business Administration from Dokuz Eyl\u00fcl University. He was also a PhD candidate in Business Administration at \u0130stanbul University between 2020-2022 before joining LUISS Guido [&hellip;]<\/p>\n","protected":false},"author":4,"featured_media":2445,"parent":0,"menu_order":0,"comment_status":"closed","ping_status":"closed","template":"people-page.php","meta":[],"categories":[4],"tags":[],"yoast_head":"<!-- This site is optimized with the Yoast SEO plugin v16.0.2 - https:\/\/yoast.com\/wordpress\/plugins\/seo\/ -->\n<title>Selahattin Onur Karlik - Doctoral Programme in Management<\/title>\n<link rel=\"canonical\" href=\"https:\/\/phd.luiss.it\/management\/selahattin-onur-karlik\/\" \/>\n<meta property=\"og:locale\" content=\"en_US\" \/>\n<meta property=\"og:type\" content=\"article\" \/>\n<meta property=\"og:title\" content=\"Selahattin Onur Karlik - Doctoral Programme in Management\" \/>\n<meta property=\"og:description\" content=\"Onur is a PhD candidate and a Teaching Assistant at Luiss Business School. He has a Bachelor\u2019s Degree in Business Administration from Ankara Y\u0131ld\u0131r\u0131m Beyaz\u0131t University and a Master\u2019s Degree in Business Administration from Dokuz Eyl\u00fcl University. He was also a PhD candidate in Business Administration at \u0130stanbul University between 2020-2022 before joining LUISS Guido [&hellip;]\" \/>\n<meta property=\"og:url\" content=\"https:\/\/phd.luiss.it\/management\/selahattin-onur-karlik\/\" \/>\n<meta property=\"og:site_name\" content=\"Doctoral Programme in Management\" \/>\n<meta property=\"article:modified_time\" content=\"2022-10-13T13:25:11+00:00\" \/>\n<meta property=\"og:image\" content=\"https:\/\/phd.luiss.it\/management\/wp-content\/uploads\/sites\/4\/2022\/10\/ONUR_IMG_8560-scaled.jpeg\" \/>\n\t<meta property=\"og:image:width\" content=\"1920\" \/>\n\t<meta property=\"og:image:height\" content=\"2560\" \/>\n<meta name=\"twitter:card\" content=\"summary_large_image\" \/>\n<meta name=\"twitter:label1\" content=\"Est. reading time\">\n\t<meta name=\"twitter:data1\" content=\"1 minute\">\n<script type=\"application\/ld+json\" class=\"yoast-schema-graph\">{\"@context\":\"https:\/\/schema.org\",\"@graph\":[{\"@type\":\"WebSite\",\"@id\":\"https:\/\/phd.luiss.it\/management\/#website\",\"url\":\"https:\/\/phd.luiss.it\/management\/\",\"name\":\"Doctoral Programme in Management\",\"description\":\"Luiss Guido Carli - Doctoral Degree Programs\",\"potentialAction\":[{\"@type\":\"SearchAction\",\"target\":\"https:\/\/phd.luiss.it\/management\/?s={search_term_string}\",\"query-input\":\"required name=search_term_string\"}],\"inLanguage\":\"en-US\"},{\"@type\":\"ImageObject\",\"@id\":\"https:\/\/phd.luiss.it\/management\/selahattin-onur-karlik\/#primaryimage\",\"inLanguage\":\"en-US\",\"url\":\"https:\/\/phd.luiss.it\/management\/wp-content\/uploads\/sites\/4\/2022\/10\/ONUR_IMG_8560-scaled.jpeg\",\"width\":1920,\"height\":2560},{\"@type\":\"WebPage\",\"@id\":\"https:\/\/phd.luiss.it\/management\/selahattin-onur-karlik\/#webpage\",\"url\":\"https:\/\/phd.luiss.it\/management\/selahattin-onur-karlik\/\",\"name\":\"Selahattin Onur Karlik - Doctoral Programme in Management\",\"isPartOf\":{\"@id\":\"https:\/\/phd.luiss.it\/management\/#website\"},\"primaryImageOfPage\":{\"@id\":\"https:\/\/phd.luiss.it\/management\/selahattin-onur-karlik\/#primaryimage\"},\"datePublished\":\"2022-09-16T12:44:17+00:00\",\"dateModified\":\"2022-10-13T13:25:11+00:00\",\"breadcrumb\":{\"@id\":\"https:\/\/phd.luiss.it\/management\/selahattin-onur-karlik\/#breadcrumb\"},\"inLanguage\":\"en-US\",\"potentialAction\":[{\"@type\":\"ReadAction\",\"target\":[\"https:\/\/phd.luiss.it\/management\/selahattin-onur-karlik\/\"]}]},{\"@type\":\"BreadcrumbList\",\"@id\":\"https:\/\/phd.luiss.it\/management\/selahattin-onur-karlik\/#breadcrumb\",\"itemListElement\":[{\"@type\":\"ListItem\",\"position\":1,\"item\":{\"@type\":\"WebPage\",\"@id\":\"https:\/\/phd.luiss.it\/management\/\",\"url\":\"https:\/\/phd.luiss.it\/management\/\",\"name\":\"Home\"}},{\"@type\":\"ListItem\",\"position\":2,\"item\":{\"@type\":\"WebPage\",\"@id\":\"https:\/\/phd.luiss.it\/management\/selahattin-onur-karlik\/\",\"url\":\"https:\/\/phd.luiss.it\/management\/selahattin-onur-karlik\/\",\"name\":\"Selahattin Onur Karlik\"}}]}]}<\/script>\n<!-- \/ Yoast SEO plugin. -->","_links":{"self":[{"href":"https:\/\/phd.luiss.it\/management\/wp-json\/wp\/v2\/pages\/2361"}],"collection":[{"href":"https:\/\/phd.luiss.it\/management\/wp-json\/wp\/v2\/pages"}],"about":[{"href":"https:\/\/phd.luiss.it\/management\/wp-json\/wp\/v2\/types\/page"}],"author":[{"embeddable":true,"href":"https:\/\/phd.luiss.it\/management\/wp-json\/wp\/v2\/users\/4"}],"replies":[{"embeddable":true,"href":"https:\/\/phd.luiss.it\/management\/wp-json\/wp\/v2\/comments?post=2361"}],"version-history":[{"count":4,"href":"https:\/\/phd.luiss.it\/management\/wp-json\/wp\/v2\/pages\/2361\/revisions"}],"predecessor-version":[{"id":2447,"href":"https:\/\/phd.luiss.it\/management\/wp-json\/wp\/v2\/pages\/2361\/revisions\/2447"}],"wp:featuredmedia":[{"embeddable":true,"href":"https:\/\/phd.luiss.it\/management\/wp-json\/wp\/v2\/media\/2445"}],"wp:attachment":[{"href":"https:\/\/phd.luiss.it\/management\/wp-json\/wp\/v2\/media?parent=2361"}],"wp:term":[{"taxonomy":"category","embeddable":true,"href":"https:\/\/phd.luiss.it\/management\/wp-json\/wp\/v2\/categories?post=2361"},{"taxonomy":"post_tag","embeddable":true,"href":"https:\/\/phd.luiss.it\/management\/wp-json\/wp\/v2\/tags?post=2361"}],"curies":[{"name":"wp","href":"https:\/\/api.w.org\/{rel}","templated":true}]}}