{"id":454,"date":"2022-01-17T18:49:54","date_gmt":"2022-01-17T18:49:54","guid":{"rendered":"https:\/\/phd.luiss.it\/diritto-impresa\/?page_id=454"},"modified":"2022-01-24T09:39:50","modified_gmt":"2022-01-24T09:39:50","slug":"francesca-di-lazzaro","status":"publish","type":"page","link":"https:\/\/phd.luiss.it\/diritto-impresa\/about\/francesca-di-lazzaro\/","title":{"rendered":"Francesca Di Lazzaro"},"content":{"rendered":"<p>Francesca Di Lazzaro si \u00e8 laureata in Giurisprudenza presso la Luiss Guido Carli con il massimo dei voti, presentando una tesi in diritto d\u2019autore comparato. Francesca ha svolto un master di II livello presso la Luiss Guido Carli in materia di \u201cDiritto della Concorrenza e dell\u2019Innovazione\u201d ed ha seguito un corso in materia di Propriet\u00e0 Intellettuale presso l\u2019Universit\u00e0 di Cambridge. Francesca \u00e8 appassionata di arte e nuove tecnologie, settori nell\u2019ambito dei quali svolge le proprie attivit\u00e0 di ricerca. Francesca ha inoltre maturato una significativa esperienza professionale occupandosi in particolare di marchi, diritto d\u2019autore, brevetti e nuove tecnologie.<\/p>\n<p><strong>Email<\/strong><\/p>\n<p><a href=\"mailto:dilazzarof@luiss.it\">dilazzarof@luiss.it<\/a><\/p>\n<p><strong>Short CV<\/strong><\/p>\n<p>Si \u00e8 laureata in Giurisprudenza presso la Luiss Guido Carli con il massimo dei voti presentando una tesi in materia di diritto d\u2019autore comparato. Ha svolto un master di II livello presso la Luiss Guido Carli in \u201cDiritto della Concorrenza e dell\u2019Innovazione\u201d ed ha seguito un corso in materia di Propriet\u00e0 Intellettuale presso l\u2019Universit\u00e0 di Cambridge. Francesca ha maturato una significativa esperienza professionale occupandosi di propriet\u00e0 intellettuale ed \u00e8 abilitata all\u2019esercizio della professione forense.<\/p>\n<p><strong>Aree di interesse<\/strong><\/p>\n<p>Svolge propria attivit\u00e0 di ricerca nel settore della Propriet\u00e0 Intellettuale. Nello specifico, le tematiche approfondite riguardano il Diritto d\u2019Autore inerente l\u2019arte, la musica, il cinema e le nuove tecnologie, mantenendo un approccio comparatistico e internazionale.<\/p>\n<p><strong>Pubblicazioni<\/strong><\/p>\n<p>1) &#8220;Artificial intelligence in the communication sector,&#8221; in MICS LUISS, The Portal of the Master in Political and Institutional Communication and Marketing, 2021<br \/>\n2) \u201cThis article was automatically written by Tencent Dreamwriter robot\u201d, in IPLens, 2021 (co-authored)<br \/>\n3) &#8220;Fair use and closed systems of limitations and exceptions; analysis of convergences and divergences and compatibility of systems with new technologies&#8221;, in Il Diritto di Autore, SIAE &#8211; Rivista trimestrale directed by Giorgio Assumma, 2020 (co-authored)<br \/>\n4) \u201cThe &#8216;ephemeral&#8217; works of art\u201d, in SPRINT &#8211; Intellectual Property System, 2020 (co-authored))<br \/>\n5) \u201cPhenomenology of the Three Step Test: systematic evolution of the institution, insights into the relationship with limitations and exceptions in &#8220;closed&#8221; systems, comparative hints with Fair use and evaluations on the application of complementary systems, in Giuffr\u00e8<br \/>\nFrancis Lefebvre in &#8220;Il Diritto di Autore&#8221;, SIAE &#8211; Rivista trimestrale diretta dall&#8217;avvocato Giorgio Assumma, 2019<br \/>\n6) \u201cWhen Article 25 l.d.a. meets artificial intelligence systems\u201d, in SPRINT &#8211; Intellectual Property System, 2019<br \/>\n7) \u201cSvenska syndabockar: the transformative use in Sweden\u201d in SPRINT &#8211; Intellectual Property System, 2018<br \/>\n8) \u201cThe &#8216;Fair use&#8217; and the derived uses\u201d, essay published within the volume Attualit\u00e0 del Diritto D&#8217;autore &#8211; Studi in onore di Giorgio Assumma, Discendo Agitur, 2018<\/p>\n<p><strong>Supervisor<\/strong><\/p>\n<p>&nbsp;<\/p>\n<p><strong>Titolo di Tesi provvisorio<\/strong><\/p>\n<p>The grey area between Fair use, Fair Dealing and Limitations and Exceptions<\/p>\n","protected":false},"excerpt":{"rendered":"<p>Francesca Di Lazzaro si \u00e8 laureata in Giurisprudenza presso la Luiss Guido Carli con il massimo dei voti, presentando una tesi in diritto d\u2019autore comparato. Francesca ha svolto un master di II livello presso la Luiss Guido Carli in materia di \u201cDiritto della Concorrenza e dell\u2019Innovazione\u201d ed ha seguito un corso in materia di Propriet\u00e0 [&hellip;]<\/p>\n","protected":false},"author":4,"featured_media":462,"parent":38,"menu_order":0,"comment_status":"closed","ping_status":"closed","template":"people-page.php","meta":[],"categories":[4],"tags":[],"yoast_head":"<!-- This site is optimized with the Yoast SEO plugin v16.0.2 - https:\/\/yoast.com\/wordpress\/plugins\/seo\/ -->\n<title>Francesca Di Lazzaro - Diritto e Impresa<\/title>\n<link rel=\"canonical\" href=\"https:\/\/phd.luiss.it\/diritto-impresa\/about\/francesca-di-lazzaro\/\" \/>\n<meta property=\"og:locale\" content=\"it_IT\" \/>\n<meta property=\"og:type\" content=\"article\" \/>\n<meta property=\"og:title\" content=\"Francesca Di Lazzaro - Diritto e Impresa\" \/>\n<meta property=\"og:description\" content=\"Francesca Di Lazzaro si \u00e8 laureata in Giurisprudenza presso la Luiss Guido Carli con il massimo dei voti, presentando una tesi in diritto d\u2019autore comparato. Francesca ha svolto un master di II livello presso la Luiss Guido Carli in materia di \u201cDiritto della Concorrenza e dell\u2019Innovazione\u201d ed ha seguito un corso in materia di Propriet\u00e0 [&hellip;]\" \/>\n<meta property=\"og:url\" content=\"https:\/\/phd.luiss.it\/diritto-impresa\/about\/francesca-di-lazzaro\/\" \/>\n<meta property=\"og:site_name\" content=\"Diritto e Impresa\" \/>\n<meta property=\"article:modified_time\" content=\"2022-01-24T09:39:50+00:00\" \/>\n<meta property=\"og:image\" content=\"https:\/\/phd.luiss.it\/diritto-impresa\/wp-content\/uploads\/sites\/5\/2022\/01\/IMG-4949-2.jpg\" \/>\n\t<meta property=\"og:image:width\" content=\"501\" \/>\n\t<meta property=\"og:image:height\" content=\"756\" \/>\n<meta name=\"twitter:card\" content=\"summary_large_image\" \/>\n<meta name=\"twitter:label1\" content=\"Est. reading time\">\n\t<meta name=\"twitter:data1\" content=\"2 minutes\">\n<script type=\"application\/ld+json\" class=\"yoast-schema-graph\">{\"@context\":\"https:\/\/schema.org\",\"@graph\":[{\"@type\":\"WebSite\",\"@id\":\"https:\/\/phd.luiss.it\/diritto-impresa\/#website\",\"url\":\"https:\/\/phd.luiss.it\/diritto-impresa\/\",\"name\":\"Diritto e Impresa\",\"description\":\"\",\"potentialAction\":[{\"@type\":\"SearchAction\",\"target\":\"https:\/\/phd.luiss.it\/diritto-impresa\/?s={search_term_string}\",\"query-input\":\"required name=search_term_string\"}],\"inLanguage\":\"it-IT\"},{\"@type\":\"ImageObject\",\"@id\":\"https:\/\/phd.luiss.it\/diritto-impresa\/about\/francesca-di-lazzaro\/#primaryimage\",\"inLanguage\":\"it-IT\",\"url\":\"https:\/\/phd.luiss.it\/diritto-impresa\/wp-content\/uploads\/sites\/5\/2022\/01\/IMG-4949-2.jpg\",\"width\":501,\"height\":756},{\"@type\":\"WebPage\",\"@id\":\"https:\/\/phd.luiss.it\/diritto-impresa\/about\/francesca-di-lazzaro\/#webpage\",\"url\":\"https:\/\/phd.luiss.it\/diritto-impresa\/about\/francesca-di-lazzaro\/\",\"name\":\"Francesca Di Lazzaro - Diritto e Impresa\",\"isPartOf\":{\"@id\":\"https:\/\/phd.luiss.it\/diritto-impresa\/#website\"},\"primaryImageOfPage\":{\"@id\":\"https:\/\/phd.luiss.it\/diritto-impresa\/about\/francesca-di-lazzaro\/#primaryimage\"},\"datePublished\":\"2022-01-17T18:49:54+00:00\",\"dateModified\":\"2022-01-24T09:39:50+00:00\",\"breadcrumb\":{\"@id\":\"https:\/\/phd.luiss.it\/diritto-impresa\/about\/francesca-di-lazzaro\/#breadcrumb\"},\"inLanguage\":\"it-IT\",\"potentialAction\":[{\"@type\":\"ReadAction\",\"target\":[\"https:\/\/phd.luiss.it\/diritto-impresa\/about\/francesca-di-lazzaro\/\"]}]},{\"@type\":\"BreadcrumbList\",\"@id\":\"https:\/\/phd.luiss.it\/diritto-impresa\/about\/francesca-di-lazzaro\/#breadcrumb\",\"itemListElement\":[{\"@type\":\"ListItem\",\"position\":1,\"item\":{\"@type\":\"WebPage\",\"@id\":\"https:\/\/phd.luiss.it\/diritto-impresa\/\",\"url\":\"https:\/\/phd.luiss.it\/diritto-impresa\/\",\"name\":\"Home\"}},{\"@type\":\"ListItem\",\"position\":2,\"item\":{\"@type\":\"WebPage\",\"@id\":\"https:\/\/phd.luiss.it\/diritto-impresa\/about\/\",\"url\":\"https:\/\/phd.luiss.it\/diritto-impresa\/about\/\",\"name\":\"People\"}},{\"@type\":\"ListItem\",\"position\":3,\"item\":{\"@type\":\"WebPage\",\"@id\":\"https:\/\/phd.luiss.it\/diritto-impresa\/about\/francesca-di-lazzaro\/\",\"url\":\"https:\/\/phd.luiss.it\/diritto-impresa\/about\/francesca-di-lazzaro\/\",\"name\":\"Francesca Di Lazzaro\"}}]}]}<\/script>\n<!-- \/ Yoast SEO plugin. -->","_links":{"self":[{"href":"https:\/\/phd.luiss.it\/diritto-impresa\/wp-json\/wp\/v2\/pages\/454"}],"collection":[{"href":"https:\/\/phd.luiss.it\/diritto-impresa\/wp-json\/wp\/v2\/pages"}],"about":[{"href":"https:\/\/phd.luiss.it\/diritto-impresa\/wp-json\/wp\/v2\/types\/page"}],"author":[{"embeddable":true,"href":"https:\/\/phd.luiss.it\/diritto-impresa\/wp-json\/wp\/v2\/users\/4"}],"replies":[{"embeddable":true,"href":"https:\/\/phd.luiss.it\/diritto-impresa\/wp-json\/wp\/v2\/comments?post=454"}],"version-history":[{"count":4,"href":"https:\/\/phd.luiss.it\/diritto-impresa\/wp-json\/wp\/v2\/pages\/454\/revisions"}],"predecessor-version":[{"id":463,"href":"https:\/\/phd.luiss.it\/diritto-impresa\/wp-json\/wp\/v2\/pages\/454\/revisions\/463"}],"up":[{"embeddable":true,"href":"https:\/\/phd.luiss.it\/diritto-impresa\/wp-json\/wp\/v2\/pages\/38"}],"wp:featuredmedia":[{"embeddable":true,"href":"https:\/\/phd.luiss.it\/diritto-impresa\/wp-json\/wp\/v2\/media\/462"}],"wp:attachment":[{"href":"https:\/\/phd.luiss.it\/diritto-impresa\/wp-json\/wp\/v2\/media?parent=454"}],"wp:term":[{"taxonomy":"category","embeddable":true,"href":"https:\/\/phd.luiss.it\/diritto-impresa\/wp-json\/wp\/v2\/categories?post=454"},{"taxonomy":"post_tag","embeddable":true,"href":"https:\/\/phd.luiss.it\/diritto-impresa\/wp-json\/wp\/v2\/tags?post=454"}],"curies":[{"name":"wp","href":"https:\/\/api.w.org\/{rel}","templated":true}]}}