{"id":2303,"date":"2025-12-03T08:14:53","date_gmt":"2025-12-03T08:14:53","guid":{"rendered":"https:\/\/phd.luiss.it\/diritto-impresa\/?page_id=2303"},"modified":"2026-04-07T08:33:17","modified_gmt":"2026-04-07T08:33:17","slug":"clara-helen-laetitia-labus-2","status":"publish","type":"page","link":"https:\/\/phd.luiss.it\/diritto-impresa\/clara-helen-laetitia-labus-2\/","title":{"rendered":"Clara Helen Laetitia Labus"},"content":{"rendered":"<p><a href=\"https:\/\/phd.luiss.it\/diritto-impresa\/wp-content\/uploads\/sites\/5\/2025\/12\/Clara-Labus-1.jpg\"><img loading=\"lazy\" class=\"alignright size-medium wp-image-2298\" src=\"https:\/\/phd.luiss.it\/diritto-impresa\/wp-content\/uploads\/sites\/5\/2025\/12\/Clara-Labus-1-240x300.jpg\" alt=\"\" width=\"240\" height=\"300\" srcset=\"https:\/\/phd.luiss.it\/diritto-impresa\/wp-content\/uploads\/sites\/5\/2025\/12\/Clara-Labus-1-240x300.jpg 240w, https:\/\/phd.luiss.it\/diritto-impresa\/wp-content\/uploads\/sites\/5\/2025\/12\/Clara-Labus-1.jpg 472w\" sizes=\"(max-width: 240px) 100vw, 240px\" \/><\/a><\/p>\n<p>&nbsp;<\/p>\n<p>Clara Labus is a third-year PhD candidate in Law and Business at LUISS, specializing in European Union law. She works on a research project on climate litigation before the Court of Justice of the European Union under the supervision of Prof. Daniele Gallo and Prof. Robert Sch\u00fctze. She was a visiting researcher at the Amsterdam Centre for European Law and Governance (Universiteit van Amsterdam) from May to July 2025 with Prof. Christina Eckes and at the Durham European Law Institute at Durham University from January to April 2026 with Prof. Robert Sch\u00fctze. In 2024, she finished her LL.M. in European Law and Policies (MELP) at LUISS with distinction. She wrote her LL.M. thesis on the direct effect of EU international agreements, supervised by Prof. Daniele Gallo. In 2022, she completed her law degree (Erste Pr\u00fcfung) with distinction at Goethe-Universit\u00e4t in Frankfurt\/Germany. Email: clabus@luiss.it<\/p>\n<p><strong>Publications<\/strong><\/p>\n<p>1. \u2018The End of Plaumann in Climate Litigation: Now or Never?\u2019 (2026) European Papers, 219-266<\/p>\n<p>2. D. Gallo and C.H.L. Labus, \u2018The direct effect (or lack thereof) of international law in the EU legal order, today\u2019 (2025) Yearbook of European Law, 1\u201348<\/p>\n<p>3. \u2018L\u2019esclusione dell\u2019effetto diretto negli accordi internazionali dell\u2019Unione alla luce della prassi recente\u2019, in S Poli and S Marinai (eds), L\u2019Unione europea sullo scenario internazionale. Sfide e trasformazioni sul piano interno ed esterno \u2013 Atti del VI Convegno nazionale AISDUE, Universit\u00e0 di Pisa, 25\/26 ottobre 2024 (Editoriale Scientifica 2025) 353\u2013380 (in Italian).<\/p>\n<p>4. \u2018The New Internal Review Mechanism Concerning the Compatibility of State Aid Decisions with EU Environmental Law\u2019 (2025) Unione Europea e Diritti 457\u2013468.<\/p>\n<p>5. \u2018Sul mancato effetto diretto e indiretto degli accordi internazionali nell\u2019ordinamento dell\u2019Unione: riflessioni alla luce della sentenza KaiKai\u2019 (2025) Quaderni AISDUE 41\u201375 (in Italian).<\/p>\n<p>6. \u2018Seenotrettung und Zugang zu fremden H\u00e4fen im V\u00f6lkerrecht\u2019 (2023) Studentische Zeitschrift f\u00fcr Rechtswissenschaft Heidelberg (Wissenschaft Online) 228\u2013269 (in German).<\/p>\n<p>7. \u2018Grenzenlose Jurisdiktion? \u2013 Die v\u00f6lkerrechtliche Zul\u00e4ssigkeit von US-Sekund\u00e4rsanktionen (Secondary Sanctions)\u2019 (2023) Frankfurt Law Review 73\u201390 (in German).<\/p>\n<p>8. \u2018Die arbeitsrechtlichen Offenlegungspflichten nach den Vorschl\u00e4gen der Europ\u00e4ischen Beratergruppe f\u00fcr Rechnungslegung\u2019 (2023) Neue Zeitschrift f\u00fcr Arbeitsrecht 479\u2013484 (co-authored with Hendric Stolzenberg, in German).<\/p>\n<p>9. \u2018Demokratie und Klimawandel \u2013 Kann die freiheitliche demokratische Grundordnung globale Probleme l\u00f6sen?\u2019 (2020) Zeitschrift f\u00fcr das Juristische Studium 228\u2013233 (in German).<\/p>\n<p>10. \u2018Das BVerfG und \u00a7 130 III StGB (Leugnung und Verharmlosung des Holocausts) \u2013 Besprechung von BVerfG, Beschl v 22 Juni 2018, 1 BvR 2083\/15 und 1 BvR 673\/18\u2019 (2019) Zeitschrift f\u00fcr das Juristische Studium 59\u201363 (in German).<\/p>\n","protected":false},"excerpt":{"rendered":"<p>&nbsp; Clara Labus is a third-year PhD candidate in Law and Business at LUISS, specializing in European Union law. She works on a research project on climate litigation before the Court of Justice of the European Union under the supervision of Prof. Daniele Gallo and Prof. Robert Sch\u00fctze. She was a visiting researcher at the [&hellip;]<\/p>\n","protected":false},"author":4,"featured_media":0,"parent":0,"menu_order":0,"comment_status":"closed","ping_status":"closed","template":"","meta":[],"categories":[4],"tags":[],"yoast_head":"<!-- This site is optimized with the Yoast SEO plugin v16.0.2 - https:\/\/yoast.com\/wordpress\/plugins\/seo\/ -->\n<title>Clara Helen Laetitia Labus - Diritto e Impresa<\/title>\n<link rel=\"canonical\" href=\"https:\/\/phd.luiss.it\/diritto-impresa\/clara-helen-laetitia-labus-2\/\" \/>\n<meta property=\"og:locale\" content=\"it_IT\" \/>\n<meta property=\"og:type\" content=\"article\" \/>\n<meta property=\"og:title\" content=\"Clara Helen Laetitia Labus - Diritto e Impresa\" \/>\n<meta property=\"og:description\" content=\"&nbsp; Clara Labus is a third-year PhD candidate in Law and Business at LUISS, specializing in European Union law. She works on a research project on climate litigation before the Court of Justice of the European Union under the supervision of Prof. Daniele Gallo and Prof. Robert Sch\u00fctze. She was a visiting researcher at the [&hellip;]\" \/>\n<meta property=\"og:url\" content=\"https:\/\/phd.luiss.it\/diritto-impresa\/clara-helen-laetitia-labus-2\/\" \/>\n<meta property=\"og:site_name\" content=\"Diritto e Impresa\" \/>\n<meta property=\"article:modified_time\" content=\"2026-04-07T08:33:17+00:00\" \/>\n<meta property=\"og:image\" content=\"https:\/\/phd.luiss.it\/diritto-impresa\/wp-content\/uploads\/sites\/5\/2025\/12\/Clara-Labus-1-240x300.jpg\" \/>\n<meta name=\"twitter:card\" content=\"summary_large_image\" \/>\n<meta name=\"twitter:label1\" content=\"Est. reading time\">\n\t<meta name=\"twitter:data1\" content=\"2 minutes\">\n<script type=\"application\/ld+json\" class=\"yoast-schema-graph\">{\"@context\":\"https:\/\/schema.org\",\"@graph\":[{\"@type\":\"WebSite\",\"@id\":\"https:\/\/phd.luiss.it\/diritto-impresa\/#website\",\"url\":\"https:\/\/phd.luiss.it\/diritto-impresa\/\",\"name\":\"Diritto e Impresa\",\"description\":\"\",\"potentialAction\":[{\"@type\":\"SearchAction\",\"target\":\"https:\/\/phd.luiss.it\/diritto-impresa\/?s={search_term_string}\",\"query-input\":\"required name=search_term_string\"}],\"inLanguage\":\"it-IT\"},{\"@type\":\"ImageObject\",\"@id\":\"https:\/\/phd.luiss.it\/diritto-impresa\/clara-helen-laetitia-labus-2\/#primaryimage\",\"inLanguage\":\"it-IT\",\"url\":\"https:\/\/phd.luiss.it\/diritto-impresa\/wp-content\/uploads\/sites\/5\/2025\/12\/Clara-Labus-1.jpg\",\"width\":472,\"height\":591},{\"@type\":\"WebPage\",\"@id\":\"https:\/\/phd.luiss.it\/diritto-impresa\/clara-helen-laetitia-labus-2\/#webpage\",\"url\":\"https:\/\/phd.luiss.it\/diritto-impresa\/clara-helen-laetitia-labus-2\/\",\"name\":\"Clara Helen Laetitia Labus - Diritto e Impresa\",\"isPartOf\":{\"@id\":\"https:\/\/phd.luiss.it\/diritto-impresa\/#website\"},\"primaryImageOfPage\":{\"@id\":\"https:\/\/phd.luiss.it\/diritto-impresa\/clara-helen-laetitia-labus-2\/#primaryimage\"},\"datePublished\":\"2025-12-03T08:14:53+00:00\",\"dateModified\":\"2026-04-07T08:33:17+00:00\",\"breadcrumb\":{\"@id\":\"https:\/\/phd.luiss.it\/diritto-impresa\/clara-helen-laetitia-labus-2\/#breadcrumb\"},\"inLanguage\":\"it-IT\",\"potentialAction\":[{\"@type\":\"ReadAction\",\"target\":[\"https:\/\/phd.luiss.it\/diritto-impresa\/clara-helen-laetitia-labus-2\/\"]}]},{\"@type\":\"BreadcrumbList\",\"@id\":\"https:\/\/phd.luiss.it\/diritto-impresa\/clara-helen-laetitia-labus-2\/#breadcrumb\",\"itemListElement\":[{\"@type\":\"ListItem\",\"position\":1,\"item\":{\"@type\":\"WebPage\",\"@id\":\"https:\/\/phd.luiss.it\/diritto-impresa\/\",\"url\":\"https:\/\/phd.luiss.it\/diritto-impresa\/\",\"name\":\"Home\"}},{\"@type\":\"ListItem\",\"position\":2,\"item\":{\"@type\":\"WebPage\",\"@id\":\"https:\/\/phd.luiss.it\/diritto-impresa\/clara-helen-laetitia-labus-2\/\",\"url\":\"https:\/\/phd.luiss.it\/diritto-impresa\/clara-helen-laetitia-labus-2\/\",\"name\":\"Clara Helen Laetitia Labus\"}}]}]}<\/script>\n<!-- \/ Yoast SEO plugin. -->","_links":{"self":[{"href":"https:\/\/phd.luiss.it\/diritto-impresa\/wp-json\/wp\/v2\/pages\/2303"}],"collection":[{"href":"https:\/\/phd.luiss.it\/diritto-impresa\/wp-json\/wp\/v2\/pages"}],"about":[{"href":"https:\/\/phd.luiss.it\/diritto-impresa\/wp-json\/wp\/v2\/types\/page"}],"author":[{"embeddable":true,"href":"https:\/\/phd.luiss.it\/diritto-impresa\/wp-json\/wp\/v2\/users\/4"}],"replies":[{"embeddable":true,"href":"https:\/\/phd.luiss.it\/diritto-impresa\/wp-json\/wp\/v2\/comments?post=2303"}],"version-history":[{"count":7,"href":"https:\/\/phd.luiss.it\/diritto-impresa\/wp-json\/wp\/v2\/pages\/2303\/revisions"}],"predecessor-version":[{"id":2374,"href":"https:\/\/phd.luiss.it\/diritto-impresa\/wp-json\/wp\/v2\/pages\/2303\/revisions\/2374"}],"wp:attachment":[{"href":"https:\/\/phd.luiss.it\/diritto-impresa\/wp-json\/wp\/v2\/media?parent=2303"}],"wp:term":[{"taxonomy":"category","embeddable":true,"href":"https:\/\/phd.luiss.it\/diritto-impresa\/wp-json\/wp\/v2\/categories?post=2303"},{"taxonomy":"post_tag","embeddable":true,"href":"https:\/\/phd.luiss.it\/diritto-impresa\/wp-json\/wp\/v2\/tags?post=2303"}],"curies":[{"name":"wp","href":"https:\/\/api.w.org\/{rel}","templated":true}]}}